{"id":4130,"date":"2025-04-21T14:50:22","date_gmt":"2025-04-21T11:50:22","guid":{"rendered":"https:\/\/halifleks.com.tr\/?post_type=product&#038;p=4130"},"modified":"2025-04-21T14:58:08","modified_gmt":"2025-04-21T11:58:08","slug":"45-mm-yesil-cim-hali","status":"publish","type":"product","link":"https:\/\/halifleks.com.tr\/en\/urunlerimiz\/cim-hali\/45-mm-yesil-cim-hali\/","title":{"rendered":"45 mm Ye\u015fil \u00c7im Hal\u0131"},"content":{"rendered":"","protected":false},"excerpt":{"rendered":"","protected":false},"featured_media":4010,"comment_status":"closed","ping_status":"closed","template":"","meta":[],"product_brand":[],"product_cat":[590],"product_tag":[],"class_list":{"0":"post-4130","1":"product","2":"type-product","3":"status-publish","4":"has-post-thumbnail","6":"product_cat-cim-hali","8":"first","9":"instock","10":"product-type-simple"},"_links":{"self":[{"href":"https:\/\/halifleks.com.tr\/en\/wp-json\/wp\/v2\/product\/4130","targetHints":{"allow":["GET"]}}],"collection":[{"href":"https:\/\/halifleks.com.tr\/en\/wp-json\/wp\/v2\/product"}],"about":[{"href":"https:\/\/halifleks.com.tr\/en\/wp-json\/wp\/v2\/types\/product"}],"replies":[{"embeddable":true,"href":"https:\/\/halifleks.com.tr\/en\/wp-json\/wp\/v2\/comments?post=4130"}],"wp:featuredmedia":[{"embeddable":true,"href":"https:\/\/halifleks.com.tr\/en\/wp-json\/wp\/v2\/media\/4010"}],"wp:attachment":[{"href":"https:\/\/halifleks.com.tr\/en\/wp-json\/wp\/v2\/media?parent=4130"}],"wp:term":[{"taxonomy":"product_brand","embeddable":true,"href":"https:\/\/halifleks.com.tr\/en\/wp-json\/wp\/v2\/product_brand?post=4130"},{"taxonomy":"product_cat","embeddable":true,"href":"https:\/\/halifleks.com.tr\/en\/wp-json\/wp\/v2\/product_cat?post=4130"},{"taxonomy":"product_tag","embeddable":true,"href":"https:\/\/halifleks.com.tr\/en\/wp-json\/wp\/v2\/product_tag?post=4130"}],"curies":[{"name":"wp","href":"https:\/\/api.w.org\/{rel}","templated":true}]}}